{"id":1058,"date":"2023-12-21T12:22:40","date_gmt":"2023-12-21T12:22:40","guid":{"rendered":"http:\/\/nyahopp.se\/?page_id=1058"},"modified":"2024-02-13T11:43:48","modified_gmt":"2024-02-13T11:43:48","slug":"blog","status":"publish","type":"page","link":"https:\/\/nyahopp.se\/sv\/blog\/","title":{"rendered":"Blogg"},"content":{"rendered":"<div data-elementor-type=\"wp-page\" data-elementor-id=\"1058\" class=\"elementor elementor-1058\" data-elementor-post-type=\"page\">\n\t\t\t\t<div class=\"elementor-element elementor-element-ab3d60b e-flex e-con-boxed e-con e-parent\" data-id=\"ab3d60b\" data-element_type=\"container\" data-e-type=\"container\" data-settings=\"{&quot;background_background&quot;:&quot;classic&quot;}\">\n\t\t\t\t\t<div class=\"e-con-inner\">\n\t\t<div class=\"elementor-element elementor-element-f805d2b e-flex e-con-boxed e-con e-child\" data-id=\"f805d2b\" data-element_type=\"container\" data-e-type=\"container\">\n\t\t\t\t\t<div class=\"e-con-inner\">\n\t\t<div class=\"elementor-element elementor-element-90f93e9 e-flex e-con-boxed e-con e-child\" data-id=\"90f93e9\" data-element_type=\"container\" data-e-type=\"container\">\n\t\t\t\t\t<div class=\"e-con-inner\">\n\t\t\t\t<div class=\"elementor-element elementor-element-428d76e elementor-widget-divider--view-line elementor-widget elementor-widget-divider\" data-id=\"428d76e\" data-element_type=\"widget\" data-e-type=\"widget\" data-widget_type=\"divider.default\">\n\t\t\t\t<div class=\"elementor-widget-container\">\n\t\t\t\t\t\t\t<div class=\"elementor-divider\">\n\t\t\t<span class=\"elementor-divider-separator\">\n\t\t\t\t\t\t<\/span>\n\t\t<\/div>\n\t\t\t\t\t\t<\/div>\n\t\t\t\t<\/div>\n\t\t\t\t<div class=\"elementor-element elementor-element-cde7513 text-right-ar  elementor-widget elementor-widget-heading\" data-id=\"cde7513\" data-element_type=\"widget\" data-e-type=\"widget\" data-widget_type=\"heading.default\">\n\t\t\t\t<div class=\"elementor-widget-container\">\n\t\t\t\t\t<h2 class=\"elementor-heading-title elementor-size-default\">V\u00e5r<\/br> Blogg<\/h2>\t\t\t\t<\/div>\n\t\t\t\t<\/div>\n\t\t\t\t\t<\/div>\n\t\t\t\t<\/div>\n\t\t<div class=\"elementor-element elementor-element-fe58a6d e-con-full e-flex e-con e-child\" data-id=\"fe58a6d\" data-element_type=\"container\" data-e-type=\"container\">\n\t\t\t\t<div class=\"elementor-element elementor-element-2cdda0b elementor-widget elementor-widget-text-editor\" data-id=\"2cdda0b\" data-element_type=\"widget\" data-e-type=\"widget\" data-widget_type=\"text-editor.default\">\n\t\t\t\t<div class=\"elementor-widget-container\">\n\t\t\t\t\t\t\t\t\tV\u00e5r blogg \u00e4r en plattform f\u00f6r att \u00f6ka medvetenheten om barns r\u00e4ttigheter, fr\u00e4mja deras v\u00e4lbefinnande och visa s\u00e4tt att f\u00f6rb\u00e4ttra deras liv.\t\t\t\t\t\t\t\t<\/div>\n\t\t\t\t<\/div>\n\t\t\t\t<\/div>\n\t\t\t\t\t<\/div>\n\t\t\t\t<\/div>\n\t\t\t\t\t<\/div>\n\t\t\t\t<\/div>\n\t\t<div class=\"elementor-element elementor-element-a13c608 e-flex e-con-boxed e-con e-parent\" data-id=\"a13c608\" data-element_type=\"container\" data-e-type=\"container\">\n\t\t\t\t\t<div class=\"e-con-inner\">\n\t\t<div class=\"elementor-element elementor-element-3293129 e-flex e-con-boxed e-con e-child\" data-id=\"3293129\" data-element_type=\"container\" data-e-type=\"container\">\n\t\t\t\t\t<div class=\"e-con-inner\">\n\t\t\t\t<div class=\"elementor-element elementor-element-037f620 elementor-grid-3 elementor-grid-tablet-2 elementor-grid-mobile-1 elementor-posts--thumbnail-top elementor-card-shadow-yes elementor-posts__hover-gradient elementor-widget elementor-widget-posts\" data-id=\"037f620\" data-element_type=\"widget\" data-e-type=\"widget\" data-settings=\"{&quot;pagination_type&quot;:&quot;numbers&quot;,&quot;cards_columns&quot;:&quot;3&quot;,&quot;cards_columns_tablet&quot;:&quot;2&quot;,&quot;cards_columns_mobile&quot;:&quot;1&quot;,&quot;cards_row_gap&quot;:{&quot;unit&quot;:&quot;px&quot;,&quot;size&quot;:35,&quot;sizes&quot;:[]},&quot;cards_row_gap_tablet&quot;:{&quot;unit&quot;:&quot;px&quot;,&quot;size&quot;:&quot;&quot;,&quot;sizes&quot;:[]},&quot;cards_row_gap_mobile&quot;:{&quot;unit&quot;:&quot;px&quot;,&quot;size&quot;:&quot;&quot;,&quot;sizes&quot;:[]}}\" data-widget_type=\"posts.cards\">\n\t\t\t\t<div class=\"elementor-widget-container\">\n\t\t\t\t\t\t\t<div class=\"elementor-posts-container elementor-posts elementor-posts--skin-cards elementor-grid\" role=\"list\">\n\t\t\t\t<article class=\"elementor-post elementor-grid-item post-4565 post type-post status-publish format-standard has-post-thumbnail hentry category-news\" role=\"listitem\">\n\t\t\t<div class=\"elementor-post__card\">\n\t\t\t\t<a class=\"elementor-post__thumbnail__link\" href=\"https:\/\/nyahopp.se\/sv\/early-detection-for-children-in-lebanons-camps-nya-hopp\/\" tabindex=\"-1\" ><div class=\"elementor-post__thumbnail\"><img fetchpriority=\"high\" decoding=\"async\" width=\"2039\" height=\"1144\" src=\"https:\/\/nyahopp.se\/wp-content\/uploads\/2026\/01\/jpeg-optimizer_DSC05910.jpg\" class=\"attachment-full size-full wp-image-4566\" alt=\"Early Detection for Children in Lebanon\u2019s Camps | Nya Hopp\" srcset=\"https:\/\/nyahopp.se\/wp-content\/uploads\/2026\/01\/jpeg-optimizer_DSC05910.jpg 2039w, https:\/\/nyahopp.se\/wp-content\/uploads\/2026\/01\/jpeg-optimizer_DSC05910-300x168.jpg 300w, https:\/\/nyahopp.se\/wp-content\/uploads\/2026\/01\/jpeg-optimizer_DSC05910-1024x575.jpg 1024w, https:\/\/nyahopp.se\/wp-content\/uploads\/2026\/01\/jpeg-optimizer_DSC05910-768x431.jpg 768w, https:\/\/nyahopp.se\/wp-content\/uploads\/2026\/01\/jpeg-optimizer_DSC05910-1536x862.jpg 1536w, https:\/\/nyahopp.se\/wp-content\/uploads\/2026\/01\/jpeg-optimizer_DSC05910-18x10.jpg 18w, https:\/\/nyahopp.se\/wp-content\/uploads\/2026\/01\/jpeg-optimizer_DSC05910-600x337.jpg 600w\" sizes=\"(max-width: 2039px) 100vw, 2039px\" \/><\/div><\/a>\n\t\t\t\t<div class=\"elementor-post__badge\">Nyheter<\/div>\n\t\t\t\t<div class=\"elementor-post__text\">\n\t\t\t\t<h3 class=\"elementor-post__title\">\n\t\t\t<a href=\"https:\/\/nyahopp.se\/sv\/early-detection-for-children-in-lebanons-camps-nya-hopp\/\" >\n\t\t\t\tTidig uppt\u00e4ckt av problem hos barn i Libanons l\u00e4ger | Nya Hopp\t\t\t<\/a>\n\t\t<\/h3>\n\t\t\t\t<div class=\"elementor-post__excerpt\">\n\t\t\t<p>Early Detection of Vision, Hearing, and Dental Problems Among Children in Lebanon\u2019s Camps How Nya Hopp Is Protecting Young Futures Through Preventive Care Children living<\/p>\n\t\t<\/div>\n\t\t\n\t\t<a class=\"elementor-post__read-more\" href=\"https:\/\/nyahopp.se\/sv\/early-detection-for-children-in-lebanons-camps-nya-hopp\/\" aria-label=\"Read more about Early Detection for Children in Lebanon\u2019s Camps | Nya Hopp\" tabindex=\"-1\" >\n\t\t\tRead More \u00bb\t\t<\/a>\n\n\t\t\t\t<\/div>\n\t\t\t\t<div class=\"elementor-post__meta-data\">\n\t\t\t\t\t<span class=\"elementor-post-date\">\n\t\t\tjanuari 28, 2026\t\t<\/span>\n\t\t\t\t<\/div>\n\t\t\t\t\t<\/div>\n\t\t<\/article>\n\t\t\t\t<article class=\"elementor-post elementor-grid-item post-4557 post type-post status-publish format-standard has-post-thumbnail hentry category-news\" role=\"listitem\">\n\t\t\t<div class=\"elementor-post__card\">\n\t\t\t\t<a class=\"elementor-post__thumbnail__link\" href=\"https:\/\/nyahopp.se\/sv\/nya-hopp-supports-people-with-disabilities-in-gaza\/\" tabindex=\"-1\" ><div class=\"elementor-post__thumbnail\"><img decoding=\"async\" width=\"1626\" height=\"914\" src=\"https:\/\/nyahopp.se\/wp-content\/uploads\/2026\/01\/jpeg-optimizer_IMG_6638.jpg\" class=\"attachment-full size-full wp-image-4558\" alt=\"Nya Hopp Supports People with Disabilities in Gaza\" srcset=\"https:\/\/nyahopp.se\/wp-content\/uploads\/2026\/01\/jpeg-optimizer_IMG_6638.jpg 1626w, https:\/\/nyahopp.se\/wp-content\/uploads\/2026\/01\/jpeg-optimizer_IMG_6638-300x169.jpg 300w, https:\/\/nyahopp.se\/wp-content\/uploads\/2026\/01\/jpeg-optimizer_IMG_6638-1024x576.jpg 1024w, https:\/\/nyahopp.se\/wp-content\/uploads\/2026\/01\/jpeg-optimizer_IMG_6638-768x432.jpg 768w, https:\/\/nyahopp.se\/wp-content\/uploads\/2026\/01\/jpeg-optimizer_IMG_6638-1536x863.jpg 1536w, https:\/\/nyahopp.se\/wp-content\/uploads\/2026\/01\/jpeg-optimizer_IMG_6638-18x10.jpg 18w, https:\/\/nyahopp.se\/wp-content\/uploads\/2026\/01\/jpeg-optimizer_IMG_6638-600x337.jpg 600w\" sizes=\"(max-width: 1626px) 100vw, 1626px\" \/><\/div><\/a>\n\t\t\t\t<div class=\"elementor-post__badge\">Nyheter<\/div>\n\t\t\t\t<div class=\"elementor-post__text\">\n\t\t\t\t<h3 class=\"elementor-post__title\">\n\t\t\t<a href=\"https:\/\/nyahopp.se\/sv\/nya-hopp-supports-people-with-disabilities-in-gaza\/\" >\n\t\t\t\tNya Hopp st\u00f6djer personer med funktionsneds\u00e4ttning i Gaza\t\t\t<\/a>\n\t\t<\/h3>\n\t\t\t\t<div class=\"elementor-post__excerpt\">\n\t\t\t<p>Nya Hopp Supports People with Disabilities in Gaza Amid the ongoing humanitarian crisis in the Gaza Strip, vulnerable groups continue to face immense challenges\u2014especially people<\/p>\n\t\t<\/div>\n\t\t\n\t\t<a class=\"elementor-post__read-more\" href=\"https:\/\/nyahopp.se\/sv\/nya-hopp-supports-people-with-disabilities-in-gaza\/\" aria-label=\"Read more about Nya Hopp Supports People with Disabilities in Gaza\" tabindex=\"-1\" >\n\t\t\tRead More \u00bb\t\t<\/a>\n\n\t\t\t\t<\/div>\n\t\t\t\t<div class=\"elementor-post__meta-data\">\n\t\t\t\t\t<span class=\"elementor-post-date\">\n\t\t\tjanuari 5, 2026\t\t<\/span>\n\t\t\t\t<\/div>\n\t\t\t\t\t<\/div>\n\t\t<\/article>\n\t\t\t\t<article class=\"elementor-post elementor-grid-item post-4545 post type-post status-publish format-standard has-post-thumbnail hentry category-news\" role=\"listitem\">\n\t\t\t<div class=\"elementor-post__card\">\n\t\t\t\t<a class=\"elementor-post__thumbnail__link\" href=\"https:\/\/nyahopp.se\/sv\/nya-hopp-provides-free-health-checks-for-elderly-in-lebanon\/\" tabindex=\"-1\" ><div class=\"elementor-post__thumbnail\"><img decoding=\"async\" width=\"2039\" height=\"1144\" src=\"https:\/\/nyahopp.se\/wp-content\/uploads\/2025\/11\/jpeg-optimizer_DSC01191.jpg\" class=\"attachment-full size-full wp-image-4546\" alt=\"Nya Hopp Provides Free Health Checks for Elderly in Lebanon\" srcset=\"https:\/\/nyahopp.se\/wp-content\/uploads\/2025\/11\/jpeg-optimizer_DSC01191.jpg 2039w, https:\/\/nyahopp.se\/wp-content\/uploads\/2025\/11\/jpeg-optimizer_DSC01191-300x168.jpg 300w, https:\/\/nyahopp.se\/wp-content\/uploads\/2025\/11\/jpeg-optimizer_DSC01191-1024x575.jpg 1024w, https:\/\/nyahopp.se\/wp-content\/uploads\/2025\/11\/jpeg-optimizer_DSC01191-768x431.jpg 768w, https:\/\/nyahopp.se\/wp-content\/uploads\/2025\/11\/jpeg-optimizer_DSC01191-1536x862.jpg 1536w, https:\/\/nyahopp.se\/wp-content\/uploads\/2025\/11\/jpeg-optimizer_DSC01191-18x10.jpg 18w, https:\/\/nyahopp.se\/wp-content\/uploads\/2025\/11\/jpeg-optimizer_DSC01191-600x337.jpg 600w\" sizes=\"(max-width: 2039px) 100vw, 2039px\" \/><\/div><\/a>\n\t\t\t\t<div class=\"elementor-post__badge\">Nyheter<\/div>\n\t\t\t\t<div class=\"elementor-post__text\">\n\t\t\t\t<h3 class=\"elementor-post__title\">\n\t\t\t<a href=\"https:\/\/nyahopp.se\/sv\/nya-hopp-provides-free-health-checks-for-elderly-in-lebanon\/\" >\n\t\t\t\tNya Hopp erbjuder gratis h\u00e4lsokontroller f\u00f6r \u00e4ldre i Libanon\t\t\t<\/a>\n\t\t<\/h3>\n\t\t\t\t<div class=\"elementor-post__excerpt\">\n\t\t\t<p>Nya Hopp Provides Free Health Checks for Elderly in Miye w Miye, Saida, Lebanon Miye w Miye, Saida, Lebanon \u2013 Nya Hopp recently carried out<\/p>\n\t\t<\/div>\n\t\t\n\t\t<a class=\"elementor-post__read-more\" href=\"https:\/\/nyahopp.se\/sv\/nya-hopp-provides-free-health-checks-for-elderly-in-lebanon\/\" aria-label=\"Read more about Nya Hopp Provides Free Health Checks for Elderly in Lebanon\" tabindex=\"-1\" >\n\t\t\tRead More \u00bb\t\t<\/a>\n\n\t\t\t\t<\/div>\n\t\t\t\t<div class=\"elementor-post__meta-data\">\n\t\t\t\t\t<span class=\"elementor-post-date\">\n\t\t\tnovember 25, 2025\t\t<\/span>\n\t\t\t\t<\/div>\n\t\t\t\t\t<\/div>\n\t\t<\/article>\n\t\t\t\t<article class=\"elementor-post elementor-grid-item post-4537 post type-post status-publish format-standard has-post-thumbnail hentry category-news\" role=\"listitem\">\n\t\t\t<div class=\"elementor-post__card\">\n\t\t\t\t<a class=\"elementor-post__thumbnail__link\" href=\"https:\/\/nyahopp.se\/sv\/nya-hopp-distributes-food-parcels-to-support-people-with-disabilities-in-hama-syria\/\" tabindex=\"-1\" ><div class=\"elementor-post__thumbnail\"><img loading=\"lazy\" decoding=\"async\" width=\"870\" height=\"498\" src=\"https:\/\/nyahopp.se\/wp-content\/uploads\/2025\/11\/WhatsApp-Image-2025-11-18-at-8.52.16-AM-1-e1763466914397.jpeg\" class=\"attachment-full size-full wp-image-4539\" alt=\"Nya Hopp Distributes Food Parcels to Support People with Disabilities in Hama, Syria\" srcset=\"https:\/\/nyahopp.se\/wp-content\/uploads\/2025\/11\/WhatsApp-Image-2025-11-18-at-8.52.16-AM-1-e1763466914397.jpeg 870w, https:\/\/nyahopp.se\/wp-content\/uploads\/2025\/11\/WhatsApp-Image-2025-11-18-at-8.52.16-AM-1-e1763466914397-300x172.jpeg 300w, https:\/\/nyahopp.se\/wp-content\/uploads\/2025\/11\/WhatsApp-Image-2025-11-18-at-8.52.16-AM-1-e1763466914397-768x440.jpeg 768w, https:\/\/nyahopp.se\/wp-content\/uploads\/2025\/11\/WhatsApp-Image-2025-11-18-at-8.52.16-AM-1-e1763466914397-18x10.jpeg 18w, https:\/\/nyahopp.se\/wp-content\/uploads\/2025\/11\/WhatsApp-Image-2025-11-18-at-8.52.16-AM-1-e1763466914397-600x343.jpeg 600w\" sizes=\"(max-width: 870px) 100vw, 870px\" \/><\/div><\/a>\n\t\t\t\t<div class=\"elementor-post__badge\">Nyheter<\/div>\n\t\t\t\t<div class=\"elementor-post__text\">\n\t\t\t\t<h3 class=\"elementor-post__title\">\n\t\t\t<a href=\"https:\/\/nyahopp.se\/sv\/nya-hopp-distributes-food-parcels-to-support-people-with-disabilities-in-hama-syria\/\" >\n\t\t\t\tNya Hopp delar ut matpaket f\u00f6r att st\u00f6dja personer med funktionsneds\u00e4ttning i Hama, Syrien\t\t\t<\/a>\n\t\t<\/h3>\n\t\t\t\t<div class=\"elementor-post__excerpt\">\n\t\t\t<p>Nya Hopp Distributes Food Parcels to Support People with Disabilities in Hama, Syria Nya Hopp is committed to making a difference in the lives of<\/p>\n\t\t<\/div>\n\t\t\n\t\t<a class=\"elementor-post__read-more\" href=\"https:\/\/nyahopp.se\/sv\/nya-hopp-distributes-food-parcels-to-support-people-with-disabilities-in-hama-syria\/\" aria-label=\"Read more about Nya Hopp Distributes Food Parcels to Support People with Disabilities in Hama, Syria\" tabindex=\"-1\" >\n\t\t\tRead More \u00bb\t\t<\/a>\n\n\t\t\t\t<\/div>\n\t\t\t\t<div class=\"elementor-post__meta-data\">\n\t\t\t\t\t<span class=\"elementor-post-date\">\n\t\t\tnovember 18, 2025\t\t<\/span>\n\t\t\t\t<\/div>\n\t\t\t\t\t<\/div>\n\t\t<\/article>\n\t\t\t\t<article class=\"elementor-post elementor-grid-item post-4524 post type-post status-publish format-standard has-post-thumbnail hentry category-news\" role=\"listitem\">\n\t\t\t<div class=\"elementor-post__card\">\n\t\t\t\t<a class=\"elementor-post__thumbnail__link\" href=\"https:\/\/nyahopp.se\/sv\/nya-hopp-opens-new-center-for-therapy-and-special-education\/\" tabindex=\"-1\" ><div class=\"elementor-post__thumbnail\"><img loading=\"lazy\" decoding=\"async\" width=\"1937\" height=\"1086\" src=\"https:\/\/nyahopp.se\/wp-content\/uploads\/2025\/10\/jpeg-optimizer_DSC09813.jpg\" class=\"attachment-full size-full wp-image-4531\" alt=\"Nya Hopp Opens New Center for Therapy and Special Education\" srcset=\"https:\/\/nyahopp.se\/wp-content\/uploads\/2025\/10\/jpeg-optimizer_DSC09813.jpg 1937w, https:\/\/nyahopp.se\/wp-content\/uploads\/2025\/10\/jpeg-optimizer_DSC09813-300x168.jpg 300w, https:\/\/nyahopp.se\/wp-content\/uploads\/2025\/10\/jpeg-optimizer_DSC09813-1024x574.jpg 1024w, https:\/\/nyahopp.se\/wp-content\/uploads\/2025\/10\/jpeg-optimizer_DSC09813-768x431.jpg 768w, https:\/\/nyahopp.se\/wp-content\/uploads\/2025\/10\/jpeg-optimizer_DSC09813-1536x861.jpg 1536w, https:\/\/nyahopp.se\/wp-content\/uploads\/2025\/10\/jpeg-optimizer_DSC09813-18x10.jpg 18w, https:\/\/nyahopp.se\/wp-content\/uploads\/2025\/10\/jpeg-optimizer_DSC09813-600x336.jpg 600w\" sizes=\"(max-width: 1937px) 100vw, 1937px\" \/><\/div><\/a>\n\t\t\t\t<div class=\"elementor-post__badge\">Nyheter<\/div>\n\t\t\t\t<div class=\"elementor-post__text\">\n\t\t\t\t<h3 class=\"elementor-post__title\">\n\t\t\t<a href=\"https:\/\/nyahopp.se\/sv\/nya-hopp-opens-new-center-for-therapy-and-special-education\/\" >\n\t\t\t\tNya Hopp \u00f6ppnar nytt centrum f\u00f6r terapi och specialundervisning\t\t\t<\/a>\n\t\t<\/h3>\n\t\t\t\t<div class=\"elementor-post__excerpt\">\n\t\t\t<p>Nya Hopp Opens New Center for Therapy and Special Education in Lebanon Nya Hopp has proudly opened a new Department of Psychological Therapy and Special<\/p>\n\t\t<\/div>\n\t\t\n\t\t<a class=\"elementor-post__read-more\" href=\"https:\/\/nyahopp.se\/sv\/nya-hopp-opens-new-center-for-therapy-and-special-education\/\" aria-label=\"Read more about Nya Hopp Opens New Center for Therapy and Special Education\" tabindex=\"-1\" >\n\t\t\tRead More \u00bb\t\t<\/a>\n\n\t\t\t\t<\/div>\n\t\t\t\t<div class=\"elementor-post__meta-data\">\n\t\t\t\t\t<span class=\"elementor-post-date\">\n\t\t\toktober 30, 2025\t\t<\/span>\n\t\t\t\t<\/div>\n\t\t\t\t\t<\/div>\n\t\t<\/article>\n\t\t\t\t<article class=\"elementor-post elementor-grid-item post-4514 post type-post status-publish format-standard has-post-thumbnail hentry category-news\" role=\"listitem\">\n\t\t\t<div class=\"elementor-post__card\">\n\t\t\t\t<a class=\"elementor-post__thumbnail__link\" href=\"https:\/\/nyahopp.se\/sv\/nya-hopp-supports-ambulance-in-lebanon\/\" tabindex=\"-1\" ><div class=\"elementor-post__thumbnail\"><img loading=\"lazy\" decoding=\"async\" width=\"2039\" height=\"1144\" src=\"https:\/\/nyahopp.se\/wp-content\/uploads\/2025\/09\/jpeg-optimizer_DSC08851-1.jpg\" class=\"attachment-full size-full wp-image-4520\" alt=\"Nya-Hopp-Supports-Ambulance-in-Lebanon\" srcset=\"https:\/\/nyahopp.se\/wp-content\/uploads\/2025\/09\/jpeg-optimizer_DSC08851-1.jpg 2039w, https:\/\/nyahopp.se\/wp-content\/uploads\/2025\/09\/jpeg-optimizer_DSC08851-1-300x168.jpg 300w, https:\/\/nyahopp.se\/wp-content\/uploads\/2025\/09\/jpeg-optimizer_DSC08851-1-1024x575.jpg 1024w, https:\/\/nyahopp.se\/wp-content\/uploads\/2025\/09\/jpeg-optimizer_DSC08851-1-768x431.jpg 768w, https:\/\/nyahopp.se\/wp-content\/uploads\/2025\/09\/jpeg-optimizer_DSC08851-1-1536x862.jpg 1536w, https:\/\/nyahopp.se\/wp-content\/uploads\/2025\/09\/jpeg-optimizer_DSC08851-1-18x10.jpg 18w, https:\/\/nyahopp.se\/wp-content\/uploads\/2025\/09\/jpeg-optimizer_DSC08851-1-600x337.jpg 600w\" sizes=\"(max-width: 2039px) 100vw, 2039px\" \/><\/div><\/a>\n\t\t\t\t<div class=\"elementor-post__badge\">Nyheter<\/div>\n\t\t\t\t<div class=\"elementor-post__text\">\n\t\t\t\t<h3 class=\"elementor-post__title\">\n\t\t\t<a href=\"https:\/\/nyahopp.se\/sv\/nya-hopp-supports-ambulance-in-lebanon\/\" >\n\t\t\t\tNya Hopp st\u00f6der ambulans i Libanon\t\t\t<\/a>\n\t\t<\/h3>\n\t\t\t\t<div class=\"elementor-post__excerpt\">\n\t\t\t<p>A Step Towards Better Healthcare Access in Lebanon Nya Hopp, a humanitarian NGO dedicated to improving healthcare access worldwide, has recently extended its support to<\/p>\n\t\t<\/div>\n\t\t\n\t\t<a class=\"elementor-post__read-more\" href=\"https:\/\/nyahopp.se\/sv\/nya-hopp-supports-ambulance-in-lebanon\/\" aria-label=\"Read more about Nya Hopp Supports Ambulance in Lebanon\" tabindex=\"-1\" >\n\t\t\tRead More \u00bb\t\t<\/a>\n\n\t\t\t\t<\/div>\n\t\t\t\t<div class=\"elementor-post__meta-data\">\n\t\t\t\t\t<span class=\"elementor-post-date\">\n\t\t\tseptember 30, 2025\t\t<\/span>\n\t\t\t\t<\/div>\n\t\t\t\t\t<\/div>\n\t\t<\/article>\n\t\t\t\t<\/div>\n\t\t\n\t\t\t\t<div class=\"e-load-more-anchor\" data-page=\"1\" data-max-page=\"3\" data-next-page=\"https:\/\/nyahopp.se\/sv\/wp-json\/wp\/v2\/pages\/1058\/page\/2\/\"><\/div>\n\t\t\t\t<nav class=\"elementor-pagination\" aria-label=\"Pagination\">\n\t\t\t<span aria-current=\"page\" class=\"page-numbers current\"><span class=\"elementor-screen-only\">Page<\/span>1<\/span>\n<a class=\"page-numbers\" href=\"https:\/\/nyahopp.se\/sv\/wp-json\/wp\/v2\/pages\/1058\/page\/2\/\"><span class=\"elementor-screen-only\">Page<\/span>2<\/a>\n<a class=\"page-numbers\" href=\"https:\/\/nyahopp.se\/sv\/wp-json\/wp\/v2\/pages\/1058\/page\/3\/\"><span class=\"elementor-screen-only\">Page<\/span>3<\/a>\t\t<\/nav>\n\t\t\t\t\t\t<\/div>\n\t\t\t\t<\/div>\n\t\t\t\t\t<\/div>\n\t\t\t\t<\/div>\n\t\t\t\t\t<\/div>\n\t\t\t\t<\/div>\n\t\t\t\t<\/div>","protected":false},"excerpt":{"rendered":"<p>Our Blog Our blog is a platform to raise awareness about the rights of children, promote their well-being and showcase ways to help improve their lives.<\/p>","protected":false},"author":1,"featured_media":0,"parent":0,"menu_order":0,"comment_status":"closed","ping_status":"closed","template":"elementor_header_footer","meta":{"footnotes":""},"class_list":["post-1058","page","type-page","status-publish","hentry"],"blocksy_meta":[],"wpcf_dashboard":"<div class=\"woocommerce\"><div class=\"woocommerce-info\">Please log in first? <a class=\"wpneoShowLogin\" href=\"#\">Click here to login<\/a><\/div><div class=\"wpneo_login_form_div\" style=\"display: none;\"><form name=\"loginform\" id=\"loginform\" action=\"https:\/\/nyahopp.se\/securelogin.php\" method=\"post\"><p class=\"login-username\">\n\t\t\t\t<label for=\"user_login\">Anv\u00e4ndarnamn eller e-postadress<\/label>\n\t\t\t\t<input type=\"text\" name=\"log\" id=\"user_login\" autocomplete=\"username\" class=\"input\" value=\"\" size=\"20\" \/>\n\t\t\t<\/p><p class=\"login-password\">\n\t\t\t\t<label for=\"user_pass\">L\u00f6senord<\/label>\n\t\t\t\t<input type=\"password\" name=\"pwd\" id=\"user_pass\" autocomplete=\"current-password\" spellcheck=\"false\" class=\"input\" value=\"\" size=\"20\" \/>\n\t\t\t<\/p><p class=\"login-remember\"><label><input name=\"rememberme\" type=\"checkbox\" id=\"rememberme\" value=\"forever\" \/> Kom ih\u00e5g mig<\/label><\/p><p class=\"login-submit\">\n\t\t\t\t<input type=\"submit\" name=\"wp-submit\" id=\"wp-submit\" class=\"button button-primary\" value=\"Logga in\" \/>\n\t\t\t\t<input type=\"hidden\" name=\"redirect_to\" value=\"https:\/\/nyahopp.se\/sv\/wp-json\/wp\/v2\/pages\/1058\" \/>\n\t\t\t<\/p><\/form><\/div><\/div>","_links":{"self":[{"href":"https:\/\/nyahopp.se\/sv\/wp-json\/wp\/v2\/pages\/1058","targetHints":{"allow":["GET"]}}],"collection":[{"href":"https:\/\/nyahopp.se\/sv\/wp-json\/wp\/v2\/pages"}],"about":[{"href":"https:\/\/nyahopp.se\/sv\/wp-json\/wp\/v2\/types\/page"}],"author":[{"embeddable":true,"href":"https:\/\/nyahopp.se\/sv\/wp-json\/wp\/v2\/users\/1"}],"replies":[{"embeddable":true,"href":"https:\/\/nyahopp.se\/sv\/wp-json\/wp\/v2\/comments?post=1058"}],"version-history":[{"count":70,"href":"https:\/\/nyahopp.se\/sv\/wp-json\/wp\/v2\/pages\/1058\/revisions"}],"predecessor-version":[{"id":4196,"href":"https:\/\/nyahopp.se\/sv\/wp-json\/wp\/v2\/pages\/1058\/revisions\/4196"}],"wp:attachment":[{"href":"https:\/\/nyahopp.se\/sv\/wp-json\/wp\/v2\/media?parent=1058"}],"curies":[{"name":"wp","href":"https:\/\/api.w.org\/{rel}","templated":true}]}}